{"id":861,"date":"2021-09-27T09:35:15","date_gmt":"2021-09-27T15:35:15","guid":{"rendered":"https:\/\/www.innovabpo.io\/?page_id=861"},"modified":"2022-05-25T15:59:58","modified_gmt":"2022-05-25T21:59:58","slug":"mision-y-vision","status":"publish","type":"page","link":"https:\/\/www.innovabpo.io\/en\/mision-y-vision\/","title":{"rendered":"Mission and vision"},"content":{"rendered":"<div data-elementor-type=\"wp-page\" data-elementor-id=\"861\" class=\"elementor elementor-861\" data-elementor-post-type=\"page\">\n\t\t\t\t\t\t\t\t\t<section class=\"elementor-section elementor-top-section elementor-element elementor-element-083c6b4 elementor-section-boxed elementor-section-height-default elementor-section-height-default\" data-id=\"083c6b4\" data-element_type=\"section\">\n\t\t\t\t\t\t<div class=\"elementor-container elementor-column-gap-default\">\n\t\t\t\t\t<div class=\"elementor-column elementor-col-100 elementor-top-column elementor-element elementor-element-38510d3\" data-id=\"38510d3\" data-element_type=\"column\">\n\t\t\t<div class=\"elementor-widget-wrap elementor-element-populated\">\n\t\t\t\t\t\t\t\t<div class=\"elementor-element elementor-element-fc094d9 elementor-widget elementor-widget-image\" data-id=\"fc094d9\" data-element_type=\"widget\" data-widget_type=\"image.default\">\n\t\t\t\t<div class=\"elementor-widget-container\">\n\t\t\t\t\t\t\t\t\t\t\t\t\t\t\t<img loading=\"lazy\" decoding=\"async\" width=\"1024\" height=\"536\" src=\"https:\/\/www.innovabpo.io\/wp-content\/uploads\/2022\/05\/contract-male-sunny-sand-career-1024x536.jpg\" class=\"attachment-large size-large wp-image-1053\" alt=\"\" srcset=\"https:\/\/www.innovabpo.io\/wp-content\/uploads\/2022\/05\/contract-male-sunny-sand-career-1024x536.jpg 1024w, https:\/\/www.innovabpo.io\/wp-content\/uploads\/2022\/05\/contract-male-sunny-sand-career-300x157.jpg 300w, https:\/\/www.innovabpo.io\/wp-content\/uploads\/2022\/05\/contract-male-sunny-sand-career-768x402.jpg 768w, https:\/\/www.innovabpo.io\/wp-content\/uploads\/2022\/05\/contract-male-sunny-sand-career-1536x804.jpg 1536w, https:\/\/www.innovabpo.io\/wp-content\/uploads\/2022\/05\/contract-male-sunny-sand-career-2048x1072.jpg 2048w\" sizes=\"auto, (max-width: 1024px) 100vw, 1024px\" \/>\t\t\t\t\t\t\t\t\t\t\t\t\t\t\t<\/div>\n\t\t\t\t<\/div>\n\t\t\t\t\t<\/div>\n\t\t<\/div>\n\t\t\t\t\t\t\t<\/div>\n\t\t<\/section>\n\t\t\t\t<section class=\"elementor-section elementor-top-section elementor-element elementor-element-db16626 elementor-section-boxed elementor-section-height-default elementor-section-height-default\" data-id=\"db16626\" data-element_type=\"section\">\n\t\t\t\t\t\t<div class=\"elementor-container elementor-column-gap-default\">\n\t\t\t\t\t<div class=\"elementor-column elementor-col-50 elementor-top-column elementor-element elementor-element-d65b208\" data-id=\"d65b208\" data-element_type=\"column\">\n\t\t\t<div class=\"elementor-widget-wrap elementor-element-populated\">\n\t\t\t\t\t\t\t\t<div class=\"elementor-element elementor-element-5eccb18 elementor-widget elementor-widget-heading\" data-id=\"5eccb18\" data-element_type=\"widget\" data-widget_type=\"heading.default\">\n\t\t\t\t<div class=\"elementor-widget-container\">\n\t\t\t<h2 class=\"elementor-heading-title elementor-size-default\">Mission <\/h2>\t\t<\/div>\n\t\t\t\t<\/div>\n\t\t\t\t<div class=\"elementor-element elementor-element-84f5258 elementor-widget elementor-widget-text-editor\" data-id=\"84f5258\" data-element_type=\"widget\" data-widget_type=\"text-editor.default\">\n\t\t\t\t<div class=\"elementor-widget-container\">\n\t\t\t\t\t\t\t<p><span style=\"color: #000000; font-family: Tahoma, sans-serif; font-size: 14.6667px; text-align: center; white-space: pre-wrap;\">Offer a high quality service with integral solutions in contact center, with a<\/span><span style=\"color: #000000; font-family: Tahoma, sans-serif; font-size: 14.6667px; text-align: center; white-space: pre-wrap;\">committed and trained team. Providing services with technology and innovative systems to provide solutions to the needs of our customers. To be the leading company in BPO services, with processes of constant innovation in its technology and human team that generate added value for its clients in the national and international market, \"to be your best option\".<\/span><\/p>\t\t\t\t\t\t<\/div>\n\t\t\t\t<\/div>\n\t\t\t\t<div class=\"elementor-element elementor-element-d0123d5 elementor-widget elementor-widget-text-editor\" data-id=\"d0123d5\" data-element_type=\"widget\" data-widget_type=\"text-editor.default\">\n\t\t\t\t<div class=\"elementor-widget-container\">\n\t\t\t\t\t\t\t\t\t\t\t\t\t<\/div>\n\t\t\t\t<\/div>\n\t\t\t\t\t<\/div>\n\t\t<\/div>\n\t\t\t\t<div class=\"elementor-column elementor-col-50 elementor-top-column elementor-element elementor-element-4f03388\" data-id=\"4f03388\" data-element_type=\"column\">\n\t\t\t<div class=\"elementor-widget-wrap elementor-element-populated\">\n\t\t\t\t\t\t\t\t<div class=\"elementor-element elementor-element-6af830f elementor-widget elementor-widget-heading\" data-id=\"6af830f\" data-element_type=\"widget\" data-widget_type=\"heading.default\">\n\t\t\t\t<div class=\"elementor-widget-container\">\n\t\t\t<h2 class=\"elementor-heading-title elementor-size-default\">Vision<\/h2>\t\t<\/div>\n\t\t\t\t<\/div>\n\t\t\t\t<div class=\"elementor-element elementor-element-0201c97 elementor-widget elementor-widget-text-editor\" data-id=\"0201c97\" data-element_type=\"widget\" data-widget_type=\"text-editor.default\">\n\t\t\t\t<div class=\"elementor-widget-container\">\n\t\t\t\t\t\t\t<p><span style=\"color: #000000; font-family: Tahoma, sans-serif; font-size: 14.6667px; text-align: center; white-space: pre-wrap;\">To be the leading company in BPO services, with processes of constant innovation in its technology and human team that generate added value to its clients in the national and international market, \"to be your best option\"<\/span><\/p>\t\t\t\t\t\t<\/div>\n\t\t\t\t<\/div>\n\t\t\t\t\t<\/div>\n\t\t<\/div>\n\t\t\t\t\t\t\t<\/div>\n\t\t<\/section>\n\t\t\t\t\t\t\t<\/div>","protected":false},"excerpt":{"rendered":"<p>Mis\u00edon Ofrecer un servicio de alta calidad con soluciones integrales en contact center, con un equipo comprometido y capacitado. Brindando servicios con tecnolog\u00eda y sistemas innovadores para proveer soluciones a las necesidades de nuestros clientes. Ser la empresa l\u00edder en servicios BPO, con procesos de constante innovaci\u00f3n en su tecnolog\u00eda y equipo humano que genera [&hellip;]<\/p>","protected":false},"author":4,"featured_media":0,"parent":0,"menu_order":0,"comment_status":"closed","ping_status":"closed","template":"","meta":{"footnotes":""},"class_list":["post-861","page","type-page","status-publish","hentry"],"_links":{"self":[{"href":"https:\/\/www.innovabpo.io\/en\/wp-json\/wp\/v2\/pages\/861","targetHints":{"allow":["GET"]}}],"collection":[{"href":"https:\/\/www.innovabpo.io\/en\/wp-json\/wp\/v2\/pages"}],"about":[{"href":"https:\/\/www.innovabpo.io\/en\/wp-json\/wp\/v2\/types\/page"}],"author":[{"embeddable":true,"href":"https:\/\/www.innovabpo.io\/en\/wp-json\/wp\/v2\/users\/4"}],"replies":[{"embeddable":true,"href":"https:\/\/www.innovabpo.io\/en\/wp-json\/wp\/v2\/comments?post=861"}],"version-history":[{"count":31,"href":"https:\/\/www.innovabpo.io\/en\/wp-json\/wp\/v2\/pages\/861\/revisions"}],"predecessor-version":[{"id":1193,"href":"https:\/\/www.innovabpo.io\/en\/wp-json\/wp\/v2\/pages\/861\/revisions\/1193"}],"wp:attachment":[{"href":"https:\/\/www.innovabpo.io\/en\/wp-json\/wp\/v2\/media?parent=861"}],"curies":[{"name":"wp","href":"https:\/\/api.w.org\/{rel}","templated":true}]}}