{"id":881,"date":"2021-09-27T09:44:32","date_gmt":"2021-09-27T15:44:32","guid":{"rendered":"https:\/\/www.innovabpo.io\/?page_id=881"},"modified":"2022-05-25T15:55:32","modified_gmt":"2022-05-25T21:55:32","slug":"manejo-de-redes-sociales","status":"publish","type":"page","link":"https:\/\/www.innovabpo.io\/en\/manejo-de-redes-sociales\/","title":{"rendered":"Management of social networks"},"content":{"rendered":"<div data-elementor-type=\"wp-page\" data-elementor-id=\"881\" class=\"elementor elementor-881\" data-elementor-post-type=\"page\">\n\t\t\t\t\t\t\t\t\t<section class=\"elementor-section elementor-top-section elementor-element elementor-element-1365bbd elementor-section-boxed elementor-section-height-default elementor-section-height-default\" data-id=\"1365bbd\" data-element_type=\"section\">\n\t\t\t\t\t\t<div class=\"elementor-container elementor-column-gap-default\">\n\t\t\t\t\t<div class=\"elementor-column elementor-col-100 elementor-top-column elementor-element elementor-element-b46cbec\" data-id=\"b46cbec\" data-element_type=\"column\">\n\t\t\t<div class=\"elementor-widget-wrap elementor-element-populated\">\n\t\t\t\t\t\t\t\t<div class=\"elementor-element elementor-element-9b9dbbd elementor-widget elementor-widget-text-editor\" data-id=\"9b9dbbd\" data-element_type=\"widget\" data-widget_type=\"text-editor.default\">\n\t\t\t\t<div class=\"elementor-widget-container\">\n\t\t\t\t\t\t\t<h4>The number of people present on Social Networks grows every day and allows companies to give personalized treatment to their customers.<\/h4><p><span style=\"background-color: var(--bs-white); color: var( --e-global-color-primary ); font-family: var(--bs-font-sans-serif); font-style: inherit; text-transform: inherit;\">Our Team is in charge of creating useful content and generating engagement for your current and potential clients, as well as interacting with them. It requires a perfect mix of effort, design, ability to create and generate content, as well as experience.<\/span><\/p>\t\t\t\t\t\t<\/div>\n\t\t\t\t<\/div>\n\t\t\t\t\t<\/div>\n\t\t<\/div>\n\t\t\t\t\t\t\t<\/div>\n\t\t<\/section>\n\t\t\t\t<section class=\"elementor-section elementor-top-section elementor-element elementor-element-8df9b0c elementor-section-boxed elementor-section-height-default elementor-section-height-default\" data-id=\"8df9b0c\" data-element_type=\"section\">\n\t\t\t\t\t\t<div class=\"elementor-container elementor-column-gap-default\">\n\t\t\t\t\t<div class=\"elementor-column elementor-col-100 elementor-top-column elementor-element elementor-element-fe580e3\" data-id=\"fe580e3\" data-element_type=\"column\">\n\t\t\t<div class=\"elementor-widget-wrap elementor-element-populated\">\n\t\t\t\t\t\t\t\t<div class=\"elementor-element elementor-element-858d03f elementor-widget elementor-widget-heading\" data-id=\"858d03f\" data-element_type=\"widget\" data-widget_type=\"heading.default\">\n\t\t\t\t<div class=\"elementor-widget-container\">\n\t\t\t<h2 class=\"elementor-heading-title elementor-size-default\">Among our most outstanding services<\/h2>\t\t<\/div>\n\t\t\t\t<\/div>\n\t\t\t\t<div class=\"elementor-element elementor-element-eb748c7 elementor-widget elementor-widget-image\" data-id=\"eb748c7\" data-element_type=\"widget\" data-widget_type=\"image.default\">\n\t\t\t\t<div class=\"elementor-widget-container\">\n\t\t\t\t\t\t\t\t\t\t\t\t\t\t\t<img loading=\"lazy\" decoding=\"async\" width=\"1024\" height=\"1024\" src=\"https:\/\/www.innovabpo.io\/wp-content\/uploads\/2021\/09\/headphones-1816349_1920-1024x1024.jpg\" class=\"attachment-large size-large wp-image-918\" alt=\"\" srcset=\"https:\/\/www.innovabpo.io\/wp-content\/uploads\/2021\/09\/headphones-1816349_1920-1024x1024.jpg 1024w, https:\/\/www.innovabpo.io\/wp-content\/uploads\/2021\/09\/headphones-1816349_1920-300x300.jpg 300w, https:\/\/www.innovabpo.io\/wp-content\/uploads\/2021\/09\/headphones-1816349_1920-150x150.jpg 150w, https:\/\/www.innovabpo.io\/wp-content\/uploads\/2021\/09\/headphones-1816349_1920-768x768.jpg 768w, https:\/\/www.innovabpo.io\/wp-content\/uploads\/2021\/09\/headphones-1816349_1920-1536x1536.jpg 1536w, https:\/\/www.innovabpo.io\/wp-content\/uploads\/2021\/09\/headphones-1816349_1920-70x70.jpg 70w, https:\/\/www.innovabpo.io\/wp-content\/uploads\/2021\/09\/headphones-1816349_1920-850x850.jpg 850w, https:\/\/www.innovabpo.io\/wp-content\/uploads\/2021\/09\/headphones-1816349_1920.jpg 1920w\" sizes=\"auto, (max-width: 1024px) 100vw, 1024px\" \/>\t\t\t\t\t\t\t\t\t\t\t\t\t\t\t<\/div>\n\t\t\t\t<\/div>\n\t\t\t\t<div class=\"elementor-element elementor-element-75b0300 elementor-widget elementor-widget-text-editor\" data-id=\"75b0300\" data-element_type=\"widget\" data-widget_type=\"text-editor.default\">\n\t\t\t\t<div class=\"elementor-widget-container\">\n\t\t\t\t\t\t\t<h3>Chatbot automation<\/h3><p>We improve the experience of those who visit your website by converting them into potential customers. Our Chatbots immediately respond to your queries through a personalized conversation with quick and automatic responses, or intervened by our digital marketing team when a business opportunity is detected.<\/p>\t\t\t\t\t\t<\/div>\n\t\t\t\t<\/div>\n\t\t\t\t\t<\/div>\n\t\t<\/div>\n\t\t\t\t\t\t\t<\/div>\n\t\t<\/section>\n\t\t\t\t<section class=\"elementor-section elementor-top-section elementor-element elementor-element-5eebc7a elementor-section-boxed elementor-section-height-default elementor-section-height-default\" data-id=\"5eebc7a\" data-element_type=\"section\">\n\t\t\t\t\t\t<div class=\"elementor-container elementor-column-gap-default\">\n\t\t\t\t\t<div class=\"elementor-column elementor-col-100 elementor-top-column elementor-element elementor-element-613bd69\" data-id=\"613bd69\" data-element_type=\"column\">\n\t\t\t<div class=\"elementor-widget-wrap elementor-element-populated\">\n\t\t\t\t\t\t\t\t<div class=\"elementor-element elementor-element-ad951cc elementor-widget elementor-widget-image\" data-id=\"ad951cc\" data-element_type=\"widget\" data-widget_type=\"image.default\">\n\t\t\t\t<div class=\"elementor-widget-container\">\n\t\t\t\t\t\t\t\t\t\t\t\t\t\t\t<img loading=\"lazy\" decoding=\"async\" width=\"800\" height=\"550\" src=\"https:\/\/www.innovabpo.io\/wp-content\/uploads\/2019\/12\/principal-3.png\" class=\"attachment-large size-large wp-image-579\" alt=\"\" srcset=\"https:\/\/www.innovabpo.io\/wp-content\/uploads\/2019\/12\/principal-3.png 800w, https:\/\/www.innovabpo.io\/wp-content\/uploads\/2019\/12\/principal-3-300x206.png 300w, https:\/\/www.innovabpo.io\/wp-content\/uploads\/2019\/12\/principal-3-768x528.png 768w\" sizes=\"auto, (max-width: 800px) 100vw, 800px\" \/>\t\t\t\t\t\t\t\t\t\t\t\t\t\t\t<\/div>\n\t\t\t\t<\/div>\n\t\t\t\t<div class=\"elementor-element elementor-element-9d4f4f4 elementor-widget elementor-widget-text-editor\" data-id=\"9d4f4f4\" data-element_type=\"widget\" data-widget_type=\"text-editor.default\">\n\t\t\t\t<div class=\"elementor-widget-container\">\n\t\t\t\t\t\t\t<h3>Content marketing<\/h3><p>We design content marketing strategies based on the preferences and styles of your consumers in order to transcend their thoughts. Provide valuable information to readers with text optimized for search engines, written to establish long-term relationships. At Innova bpo we create valuable content for internet pages and blogs with positive strategies. Attract new readers and provide valuable information about your company, product or service, in a new and interesting way.<\/p>\t\t\t\t\t\t<\/div>\n\t\t\t\t<\/div>\n\t\t\t\t\t<\/div>\n\t\t<\/div>\n\t\t\t\t\t\t\t<\/div>\n\t\t<\/section>\n\t\t\t\t<section class=\"elementor-section elementor-top-section elementor-element elementor-element-f41c481 elementor-section-boxed elementor-section-height-default elementor-section-height-default\" data-id=\"f41c481\" data-element_type=\"section\">\n\t\t\t\t\t\t<div class=\"elementor-container elementor-column-gap-default\">\n\t\t\t\t\t<div class=\"elementor-column elementor-col-100 elementor-top-column elementor-element elementor-element-0d1ca4c\" data-id=\"0d1ca4c\" data-element_type=\"column\">\n\t\t\t<div class=\"elementor-widget-wrap elementor-element-populated\">\n\t\t\t\t\t\t\t\t<div class=\"elementor-element elementor-element-f94d9d0 elementor-widget elementor-widget-image\" data-id=\"f94d9d0\" data-element_type=\"widget\" data-widget_type=\"image.default\">\n\t\t\t\t<div class=\"elementor-widget-container\">\n\t\t\t\t\t\t\t\t\t\t\t\t\t\t\t<img loading=\"lazy\" decoding=\"async\" width=\"1024\" height=\"683\" src=\"https:\/\/www.innovabpo.io\/wp-content\/uploads\/2021\/09\/pexels-tranmautritam-326522-1024x683.jpg\" class=\"attachment-large size-large wp-image-976\" alt=\"\" srcset=\"https:\/\/www.innovabpo.io\/wp-content\/uploads\/2021\/09\/pexels-tranmautritam-326522-1024x683.jpg 1024w, https:\/\/www.innovabpo.io\/wp-content\/uploads\/2021\/09\/pexels-tranmautritam-326522-300x200.jpg 300w, https:\/\/www.innovabpo.io\/wp-content\/uploads\/2021\/09\/pexels-tranmautritam-326522-768x512.jpg 768w, https:\/\/www.innovabpo.io\/wp-content\/uploads\/2021\/09\/pexels-tranmautritam-326522-1536x1024.jpg 1536w, https:\/\/www.innovabpo.io\/wp-content\/uploads\/2021\/09\/pexels-tranmautritam-326522-2048x1365.jpg 2048w, https:\/\/www.innovabpo.io\/wp-content\/uploads\/2021\/09\/pexels-tranmautritam-326522-1920x1280.jpg 1920w, https:\/\/www.innovabpo.io\/wp-content\/uploads\/2021\/09\/pexels-tranmautritam-326522-850x567.jpg 850w\" sizes=\"auto, (max-width: 1024px) 100vw, 1024px\" \/>\t\t\t\t\t\t\t\t\t\t\t\t\t\t\t<\/div>\n\t\t\t\t<\/div>\n\t\t\t\t<div class=\"elementor-element elementor-element-9af7aac elementor-widget elementor-widget-text-editor\" data-id=\"9af7aac\" data-element_type=\"widget\" data-widget_type=\"text-editor.default\">\n\t\t\t\t<div class=\"elementor-widget-container\">\n\t\t\t\t\t\t\t<h3>Ad Campaigns<\/h3><p>We manage your campaigns by creating ad groups (ads, keywords, and bids) that share a budget, location targeting, and other settings. Campaigns are often used to organize the categories of products or services our customers offer<\/p>\t\t\t\t\t\t<\/div>\n\t\t\t\t<\/div>\n\t\t\t\t\t<\/div>\n\t\t<\/div>\n\t\t\t\t\t\t\t<\/div>\n\t\t<\/section>\n\t\t\t\t<section class=\"elementor-section elementor-top-section elementor-element elementor-element-92c9ea0 elementor-section-boxed elementor-section-height-default elementor-section-height-default\" data-id=\"92c9ea0\" data-element_type=\"section\">\n\t\t\t\t\t\t<div class=\"elementor-container elementor-column-gap-default\">\n\t\t\t\t\t<div class=\"elementor-column elementor-col-100 elementor-top-column elementor-element elementor-element-b1a0d17\" data-id=\"b1a0d17\" data-element_type=\"column\">\n\t\t\t<div class=\"elementor-widget-wrap elementor-element-populated\">\n\t\t\t\t\t\t\t\t<div class=\"elementor-element elementor-element-4891553 elementor-widget elementor-widget-image\" data-id=\"4891553\" data-element_type=\"widget\" data-widget_type=\"image.default\">\n\t\t\t\t<div class=\"elementor-widget-container\">\n\t\t\t\t\t\t\t\t\t\t\t\t\t\t\t<img loading=\"lazy\" decoding=\"async\" width=\"626\" height=\"364\" src=\"https:\/\/www.innovabpo.io\/wp-content\/uploads\/2019\/12\/3-1.png\" class=\"attachment-large size-large wp-image-572\" alt=\"\" srcset=\"https:\/\/www.innovabpo.io\/wp-content\/uploads\/2019\/12\/3-1.png 626w, https:\/\/www.innovabpo.io\/wp-content\/uploads\/2019\/12\/3-1-300x174.png 300w\" sizes=\"auto, (max-width: 626px) 100vw, 626px\" \/>\t\t\t\t\t\t\t\t\t\t\t\t\t\t\t<\/div>\n\t\t\t\t<\/div>\n\t\t\t\t<div class=\"elementor-element elementor-element-5da8f2f elementor-widget elementor-widget-text-editor\" data-id=\"5da8f2f\" data-element_type=\"widget\" data-widget_type=\"text-editor.default\">\n\t\t\t\t<div class=\"elementor-widget-container\">\n\t\t\t\t\t\t\t<h3>We generate leads through omni channel broadcast traffic<\/h3><p>We ensure that you increase your sales through dysfunctional messages through our platforms. We generate lead traffic through ADS and IVR campaigns, while at the same time following up with your customers through all existing digital channels. \u201cWe are your best ally to grow your business.<\/p>\t\t\t\t\t\t<\/div>\n\t\t\t\t<\/div>\n\t\t\t\t\t<\/div>\n\t\t<\/div>\n\t\t\t\t\t\t\t<\/div>\n\t\t<\/section>\n\t\t\t\t<section class=\"elementor-section elementor-top-section elementor-element elementor-element-7e62212 elementor-section-boxed elementor-section-height-default elementor-section-height-default\" data-id=\"7e62212\" data-element_type=\"section\">\n\t\t\t\t\t\t<div class=\"elementor-container elementor-column-gap-default\">\n\t\t\t\t\t<div class=\"elementor-column elementor-col-100 elementor-top-column elementor-element elementor-element-071ee24\" data-id=\"071ee24\" data-element_type=\"column\">\n\t\t\t<div class=\"elementor-widget-wrap\">\n\t\t\t\t\t\t\t\t\t<\/div>\n\t\t<\/div>\n\t\t\t\t\t\t\t<\/div>\n\t\t<\/section>\n\t\t\t\t\t\t\t<\/div>","protected":false},"excerpt":{"rendered":"<p>La cantidad de personas presentes en Redes Sociales crece todos los d\u00edas y permiten a las empresas dar un tratamiento personalizado a sus clientes. Nuestro Equipo se encarga de crear contenido \u00fatil y generar engagement para tus clientes actuales y potenciales, adem\u00e1s de interactuar con ellos. Requiere de una mezcla perfecta de esfuerzo, dise\u00f1o, habilidad [&hellip;]<\/p>","protected":false},"author":4,"featured_media":0,"parent":0,"menu_order":0,"comment_status":"closed","ping_status":"closed","template":"templates\/template-page-full-width.php","meta":{"footnotes":""},"class_list":["post-881","page","type-page","status-publish","hentry"],"_links":{"self":[{"href":"https:\/\/www.innovabpo.io\/en\/wp-json\/wp\/v2\/pages\/881","targetHints":{"allow":["GET"]}}],"collection":[{"href":"https:\/\/www.innovabpo.io\/en\/wp-json\/wp\/v2\/pages"}],"about":[{"href":"https:\/\/www.innovabpo.io\/en\/wp-json\/wp\/v2\/types\/page"}],"author":[{"embeddable":true,"href":"https:\/\/www.innovabpo.io\/en\/wp-json\/wp\/v2\/users\/4"}],"replies":[{"embeddable":true,"href":"https:\/\/www.innovabpo.io\/en\/wp-json\/wp\/v2\/comments?post=881"}],"version-history":[{"count":17,"href":"https:\/\/www.innovabpo.io\/en\/wp-json\/wp\/v2\/pages\/881\/revisions"}],"predecessor-version":[{"id":1150,"href":"https:\/\/www.innovabpo.io\/en\/wp-json\/wp\/v2\/pages\/881\/revisions\/1150"}],"wp:attachment":[{"href":"https:\/\/www.innovabpo.io\/en\/wp-json\/wp\/v2\/media?parent=881"}],"curies":[{"name":"wp","href":"https:\/\/api.w.org\/{rel}","templated":true}]}}